{"id":688,"date":"2016-12-31T18:19:03","date_gmt":"2016-12-31T17:19:03","guid":{"rendered":"http:\/\/www.goldor.ch\/?page_id=688\/"},"modified":"2024-07-23T11:25:24","modified_gmt":"2024-07-23T09:25:24","slug":"publicite","status":"publish","type":"page","link":"https:\/\/www.goldor.ch\/fr\/publicite\/","title":{"rendered":"Publicit\u00e9"},"content":{"rendered":"<h2>Formats des annonces et prix<\/h2>\n<ul>\n<li>Leaderboard<\/li>\n<\/ul>\n<ul>\n<li>Skyscraper<\/li>\n<\/ul>\n<ul>\n<li>Rectangle<\/li>\n<li>Advertorial\/Publireportage<\/li>\n<\/ul>\n<p>&nbsp;<\/p>\n<p>Prix sur <a href=\"info@goldor.ch\">demande<\/a><\/p>\n<p>Vous trouverez ici les possibilit\u00e9s de publicit\u00e9 pour l&rsquo;\u00e9dition imprim\u00e9e de la revue Gold&rsquo;Or:<\/p>\n<p><a href=\"https:\/\/www.goldor.ch\/wp-content\/uploads\/2024\/03\/GoldOr-Donnees-Medias-2024.pdf\">Gold&rsquo;Or Donn\u00e9es M\u00e9dias 2024<\/a><\/p>\n<p>&nbsp;<\/p>\n","protected":false},"excerpt":{"rendered":"<p>Formats des annonces et prix Leaderboard Skyscraper Rectangle Advertorial\/Publireportage &nbsp; Prix sur demande Vous trouverez ici les possibilit\u00e9s de publicit\u00e9&#8239;.&#8239;.&#8239;.<\/p>\n<a href=\"https:\/\/www.goldor.ch\/fr\/publicite\/\" class=\"article-more\" title=\"mehr\">plus<\/a>","protected":false},"author":1,"featured_media":0,"parent":0,"menu_order":0,"comment_status":"closed","ping_status":"closed","template":"","meta":{"_acf_changed":false,"footnotes":""},"class_list":["post-688","page","type-page","status-publish","hentry"],"acf":[],"yoast_head":"<!-- This site is optimized with the Yoast SEO plugin v27.2 - https:\/\/yoast.com\/product\/yoast-seo-wordpress\/ -->\n<title>Publicit\u00e9 - Gold&#039;Or<\/title>\n<meta name=\"robots\" content=\"index, follow, max-snippet:-1, max-image-preview:large, max-video-preview:-1\" \/>\n<link rel=\"canonical\" href=\"https:\/\/www.goldor.ch\/fr\/publicite\/\" \/>\n<meta property=\"og:locale\" content=\"fr_FR\" \/>\n<meta property=\"og:type\" content=\"article\" \/>\n<meta property=\"og:title\" content=\"Publicit\u00e9 - Gold&#039;Or\" \/>\n<meta property=\"og:description\" content=\"Formats des annonces et prix Leaderboard Skyscraper Rectangle Advertorial\/Publireportage &nbsp; Prix sur demande Vous trouverez ici les possibilit\u00e9s de publicit\u00e9&#8239;.&#8239;.&#8239;.\" \/>\n<meta property=\"og:url\" content=\"https:\/\/www.goldor.ch\/fr\/publicite\/\" \/>\n<meta property=\"og:site_name\" content=\"Gold&#039;Or\" \/>\n<meta property=\"article:publisher\" content=\"https:\/\/www.facebook.com\/goldormagazin\/\" \/>\n<meta property=\"article:modified_time\" content=\"2024-07-23T09:25:24+00:00\" \/>\n<meta name=\"twitter:card\" content=\"summary_large_image\" \/>\n<meta name=\"twitter:site\" content=\"@Goldormagazin\" \/>\n<meta name=\"twitter:label1\" content=\"Dur\u00e9e de lecture estim\u00e9e\" \/>\n\t<meta name=\"twitter:data1\" content=\"1 minute\" \/>\n<script type=\"application\/ld+json\" class=\"yoast-schema-graph\">{\"@context\":\"https:\/\/schema.org\",\"@graph\":[{\"@type\":\"WebPage\",\"@id\":\"https:\/\/www.goldor.ch\/fr\/publicite\/\",\"url\":\"https:\/\/www.goldor.ch\/fr\/publicite\/\",\"name\":\"Publicit\u00e9 - Gold'Or\",\"isPartOf\":{\"@id\":\"https:\/\/papayawhip-lapwing-830539.hostingersite.com\/#website\"},\"datePublished\":\"2016-12-31T17:19:03+00:00\",\"dateModified\":\"2024-07-23T09:25:24+00:00\",\"breadcrumb\":{\"@id\":\"https:\/\/www.goldor.ch\/fr\/publicite\/#breadcrumb\"},\"inLanguage\":\"fr-FR\",\"potentialAction\":[{\"@type\":\"ReadAction\",\"target\":[\"https:\/\/www.goldor.ch\/fr\/publicite\/\"]}]},{\"@type\":\"BreadcrumbList\",\"@id\":\"https:\/\/www.goldor.ch\/fr\/publicite\/#breadcrumb\",\"itemListElement\":[{\"@type\":\"ListItem\",\"position\":1,\"name\":\"Startseite\",\"item\":\"https:\/\/papayawhip-lapwing-830539.hostingersite.com\/\"},{\"@type\":\"ListItem\",\"position\":2,\"name\":\"Publicit\u00e9\"}]},{\"@type\":\"WebSite\",\"@id\":\"https:\/\/papayawhip-lapwing-830539.hostingersite.com\/#website\",\"url\":\"https:\/\/papayawhip-lapwing-830539.hostingersite.com\/\",\"name\":\"Gold'Or\",\"description\":\"La revue professionnelle suisse de la bijouterie et de l'horlogerie\",\"potentialAction\":[{\"@type\":\"SearchAction\",\"target\":{\"@type\":\"EntryPoint\",\"urlTemplate\":\"https:\/\/papayawhip-lapwing-830539.hostingersite.com\/?s={search_term_string}\"},\"query-input\":{\"@type\":\"PropertyValueSpecification\",\"valueRequired\":true,\"valueName\":\"search_term_string\"}}],\"inLanguage\":\"fr-FR\"}]}<\/script>\n<!-- \/ Yoast SEO plugin. -->","yoast_head_json":{"title":"Publicit\u00e9 - Gold'Or","robots":{"index":"index","follow":"follow","max-snippet":"max-snippet:-1","max-image-preview":"max-image-preview:large","max-video-preview":"max-video-preview:-1"},"canonical":"https:\/\/www.goldor.ch\/fr\/publicite\/","og_locale":"fr_FR","og_type":"article","og_title":"Publicit\u00e9 - Gold'Or","og_description":"Formats des annonces et prix Leaderboard Skyscraper Rectangle Advertorial\/Publireportage &nbsp; Prix sur demande Vous trouverez ici les possibilit\u00e9s de publicit\u00e9&#8239;.&#8239;.&#8239;.","og_url":"https:\/\/www.goldor.ch\/fr\/publicite\/","og_site_name":"Gold'Or","article_publisher":"https:\/\/www.facebook.com\/goldormagazin\/","article_modified_time":"2024-07-23T09:25:24+00:00","twitter_card":"summary_large_image","twitter_site":"@Goldormagazin","twitter_misc":{"Dur\u00e9e de lecture estim\u00e9e":"1 minute"},"schema":{"@context":"https:\/\/schema.org","@graph":[{"@type":"WebPage","@id":"https:\/\/www.goldor.ch\/fr\/publicite\/","url":"https:\/\/www.goldor.ch\/fr\/publicite\/","name":"Publicit\u00e9 - Gold'Or","isPartOf":{"@id":"https:\/\/papayawhip-lapwing-830539.hostingersite.com\/#website"},"datePublished":"2016-12-31T17:19:03+00:00","dateModified":"2024-07-23T09:25:24+00:00","breadcrumb":{"@id":"https:\/\/www.goldor.ch\/fr\/publicite\/#breadcrumb"},"inLanguage":"fr-FR","potentialAction":[{"@type":"ReadAction","target":["https:\/\/www.goldor.ch\/fr\/publicite\/"]}]},{"@type":"BreadcrumbList","@id":"https:\/\/www.goldor.ch\/fr\/publicite\/#breadcrumb","itemListElement":[{"@type":"ListItem","position":1,"name":"Startseite","item":"https:\/\/papayawhip-lapwing-830539.hostingersite.com\/"},{"@type":"ListItem","position":2,"name":"Publicit\u00e9"}]},{"@type":"WebSite","@id":"https:\/\/papayawhip-lapwing-830539.hostingersite.com\/#website","url":"https:\/\/papayawhip-lapwing-830539.hostingersite.com\/","name":"Gold'Or","description":"La revue professionnelle suisse de la bijouterie et de l'horlogerie","potentialAction":[{"@type":"SearchAction","target":{"@type":"EntryPoint","urlTemplate":"https:\/\/papayawhip-lapwing-830539.hostingersite.com\/?s={search_term_string}"},"query-input":{"@type":"PropertyValueSpecification","valueRequired":true,"valueName":"search_term_string"}}],"inLanguage":"fr-FR"}]}},"_links":{"self":[{"href":"https:\/\/www.goldor.ch\/fr\/wp-json\/wp\/v2\/pages\/688","targetHints":{"allow":["GET"]}}],"collection":[{"href":"https:\/\/www.goldor.ch\/fr\/wp-json\/wp\/v2\/pages"}],"about":[{"href":"https:\/\/www.goldor.ch\/fr\/wp-json\/wp\/v2\/types\/page"}],"author":[{"embeddable":true,"href":"https:\/\/www.goldor.ch\/fr\/wp-json\/wp\/v2\/users\/1"}],"replies":[{"embeddable":true,"href":"https:\/\/www.goldor.ch\/fr\/wp-json\/wp\/v2\/comments?post=688"}],"version-history":[{"count":25,"href":"https:\/\/www.goldor.ch\/fr\/wp-json\/wp\/v2\/pages\/688\/revisions"}],"predecessor-version":[{"id":61439,"href":"https:\/\/www.goldor.ch\/fr\/wp-json\/wp\/v2\/pages\/688\/revisions\/61439"}],"wp:attachment":[{"href":"https:\/\/www.goldor.ch\/fr\/wp-json\/wp\/v2\/media?parent=688"}],"curies":[{"name":"wp","href":"https:\/\/api.w.org\/{rel}","templated":true}]}}