{"id":701,"date":"2016-12-01T14:15:35","date_gmt":"2016-12-01T13:15:35","guid":{"rendered":"http:\/\/www.goldor.ch\/?page_id=701\/"},"modified":"2017-03-08T10:44:11","modified_gmt":"2017-03-08T09:44:11","slug":"protection-des-donnees","status":"publish","type":"page","link":"https:\/\/www.goldor.ch\/fr\/protection-des-donnees\/","title":{"rendered":"Protection des donn\u00e9es"},"content":{"rendered":"<div class=\"entry-content\">\n<p>Il est g\u00e9n\u00e9ralement possible d\u2019utiliser notre site Internet sans fournir de donn\u00e9es \u00e0 caract\u00e8re personnel. D\u00e8s lors que des donn\u00e9es \u00e0 caract\u00e8re personnel (p. ex. nom, adresse postale ou adresse \u00e9lectronique) sont collect\u00e9es sur nos pages, cette collecte est, dans la mesure du possible, facultative. Ces donn\u00e9es ne sont pas transmises \u00e0 des tiers sans votre consentement expr\u00e8s.<\/p>\n<p>Nous attirons votre attention sur le fait que la transmission des donn\u00e9es sur Internet (p. ex. lors d\u2019une communication par e-mail) peut pr\u00e9senter des failles de s\u00e9curit\u00e9. Il n\u2019est pas possible de prot\u00e9ger totalement les donn\u00e9es de tout acc\u00e8s par des tiers.<\/p>\n<p>L\u2019utilisation par des tiers des coordonn\u00e9es publi\u00e9es dans le cadre des mentions l\u00e9gales pour l\u2019envoi non sollicit\u00e9 de publicit\u00e9 et de documents d\u2019information est express\u00e9ment interdite. Les exploitants des sites se r\u00e9servent express\u00e9ment le droit d\u2019engager des actions en justice en cas d\u2019envoi non sollicit\u00e9 d\u2019informations publicitaires, par exemple via des spams.<\/p>\n<p>R\u00e9f\u00e9rence source: <a href=\"http:\/\/www.e-recht24.de\/muster-datenschutzerklaerung.html\">eRecht24<\/a><\/p>\n<\/div>\n","protected":false},"excerpt":{"rendered":"<p>Il est g\u00e9n\u00e9ralement possible d\u2019utiliser notre site Internet sans fournir de donn\u00e9es \u00e0 caract\u00e8re personnel. D\u00e8s lors que des donn\u00e9es&#8239;.&#8239;.&#8239;.<\/p>\n<a href=\"https:\/\/www.goldor.ch\/fr\/protection-des-donnees\/\" class=\"article-more\" title=\"mehr\">plus<\/a>","protected":false},"author":1,"featured_media":0,"parent":0,"menu_order":0,"comment_status":"closed","ping_status":"closed","template":"template-text.php","meta":{"_acf_changed":false,"footnotes":""},"class_list":["post-701","page","type-page","status-publish","hentry"],"acf":[],"yoast_head":"<!-- This site is optimized with the Yoast SEO plugin v27.2 - https:\/\/yoast.com\/product\/yoast-seo-wordpress\/ -->\n<title>Protection des donn\u00e9es - Gold&#039;Or<\/title>\n<meta name=\"robots\" content=\"index, follow, max-snippet:-1, max-image-preview:large, max-video-preview:-1\" \/>\n<link rel=\"canonical\" href=\"https:\/\/papayawhip-lapwing-830539.hostingersite.com\/fr\/protection-des-donnees\/\" \/>\n<meta property=\"og:locale\" content=\"fr_FR\" \/>\n<meta property=\"og:type\" content=\"article\" \/>\n<meta property=\"og:title\" content=\"Protection des donn\u00e9es - Gold&#039;Or\" \/>\n<meta property=\"og:description\" content=\"Il est g\u00e9n\u00e9ralement possible d\u2019utiliser notre site Internet sans fournir de donn\u00e9es \u00e0 caract\u00e8re personnel. D\u00e8s lors que des donn\u00e9es&#8239;.&#8239;.&#8239;.\" \/>\n<meta property=\"og:url\" content=\"https:\/\/papayawhip-lapwing-830539.hostingersite.com\/fr\/protection-des-donnees\/\" \/>\n<meta property=\"og:site_name\" content=\"Gold&#039;Or\" \/>\n<meta property=\"article:publisher\" content=\"https:\/\/www.facebook.com\/goldormagazin\/\" \/>\n<meta property=\"article:modified_time\" content=\"2017-03-08T09:44:11+00:00\" \/>\n<meta name=\"twitter:card\" content=\"summary_large_image\" \/>\n<meta name=\"twitter:site\" content=\"@Goldormagazin\" \/>\n<meta name=\"twitter:label1\" content=\"Dur\u00e9e de lecture estim\u00e9e\" \/>\n\t<meta name=\"twitter:data1\" content=\"1 minute\" \/>\n<script type=\"application\/ld+json\" class=\"yoast-schema-graph\">{\"@context\":\"https:\/\/schema.org\",\"@graph\":[{\"@type\":\"WebPage\",\"@id\":\"https:\/\/papayawhip-lapwing-830539.hostingersite.com\/fr\/protection-des-donnees\/\",\"url\":\"https:\/\/papayawhip-lapwing-830539.hostingersite.com\/fr\/protection-des-donnees\/\",\"name\":\"Protection des donn\u00e9es - Gold'Or\",\"isPartOf\":{\"@id\":\"https:\/\/papayawhip-lapwing-830539.hostingersite.com\/#website\"},\"datePublished\":\"2016-12-01T13:15:35+00:00\",\"dateModified\":\"2017-03-08T09:44:11+00:00\",\"breadcrumb\":{\"@id\":\"https:\/\/papayawhip-lapwing-830539.hostingersite.com\/fr\/protection-des-donnees\/#breadcrumb\"},\"inLanguage\":\"fr-FR\",\"potentialAction\":[{\"@type\":\"ReadAction\",\"target\":[\"https:\/\/papayawhip-lapwing-830539.hostingersite.com\/fr\/protection-des-donnees\/\"]}]},{\"@type\":\"BreadcrumbList\",\"@id\":\"https:\/\/papayawhip-lapwing-830539.hostingersite.com\/fr\/protection-des-donnees\/#breadcrumb\",\"itemListElement\":[{\"@type\":\"ListItem\",\"position\":1,\"name\":\"Startseite\",\"item\":\"https:\/\/papayawhip-lapwing-830539.hostingersite.com\/\"},{\"@type\":\"ListItem\",\"position\":2,\"name\":\"Protection des donn\u00e9es\"}]},{\"@type\":\"WebSite\",\"@id\":\"https:\/\/papayawhip-lapwing-830539.hostingersite.com\/#website\",\"url\":\"https:\/\/papayawhip-lapwing-830539.hostingersite.com\/\",\"name\":\"Gold'Or\",\"description\":\"La revue professionnelle suisse de la bijouterie et de l'horlogerie\",\"potentialAction\":[{\"@type\":\"SearchAction\",\"target\":{\"@type\":\"EntryPoint\",\"urlTemplate\":\"https:\/\/papayawhip-lapwing-830539.hostingersite.com\/?s={search_term_string}\"},\"query-input\":{\"@type\":\"PropertyValueSpecification\",\"valueRequired\":true,\"valueName\":\"search_term_string\"}}],\"inLanguage\":\"fr-FR\"}]}<\/script>\n<!-- \/ Yoast SEO plugin. -->","yoast_head_json":{"title":"Protection des donn\u00e9es - Gold'Or","robots":{"index":"index","follow":"follow","max-snippet":"max-snippet:-1","max-image-preview":"max-image-preview:large","max-video-preview":"max-video-preview:-1"},"canonical":"https:\/\/papayawhip-lapwing-830539.hostingersite.com\/fr\/protection-des-donnees\/","og_locale":"fr_FR","og_type":"article","og_title":"Protection des donn\u00e9es - Gold'Or","og_description":"Il est g\u00e9n\u00e9ralement possible d\u2019utiliser notre site Internet sans fournir de donn\u00e9es \u00e0 caract\u00e8re personnel. D\u00e8s lors que des donn\u00e9es&#8239;.&#8239;.&#8239;.","og_url":"https:\/\/papayawhip-lapwing-830539.hostingersite.com\/fr\/protection-des-donnees\/","og_site_name":"Gold'Or","article_publisher":"https:\/\/www.facebook.com\/goldormagazin\/","article_modified_time":"2017-03-08T09:44:11+00:00","twitter_card":"summary_large_image","twitter_site":"@Goldormagazin","twitter_misc":{"Dur\u00e9e de lecture estim\u00e9e":"1 minute"},"schema":{"@context":"https:\/\/schema.org","@graph":[{"@type":"WebPage","@id":"https:\/\/papayawhip-lapwing-830539.hostingersite.com\/fr\/protection-des-donnees\/","url":"https:\/\/papayawhip-lapwing-830539.hostingersite.com\/fr\/protection-des-donnees\/","name":"Protection des donn\u00e9es - Gold'Or","isPartOf":{"@id":"https:\/\/papayawhip-lapwing-830539.hostingersite.com\/#website"},"datePublished":"2016-12-01T13:15:35+00:00","dateModified":"2017-03-08T09:44:11+00:00","breadcrumb":{"@id":"https:\/\/papayawhip-lapwing-830539.hostingersite.com\/fr\/protection-des-donnees\/#breadcrumb"},"inLanguage":"fr-FR","potentialAction":[{"@type":"ReadAction","target":["https:\/\/papayawhip-lapwing-830539.hostingersite.com\/fr\/protection-des-donnees\/"]}]},{"@type":"BreadcrumbList","@id":"https:\/\/papayawhip-lapwing-830539.hostingersite.com\/fr\/protection-des-donnees\/#breadcrumb","itemListElement":[{"@type":"ListItem","position":1,"name":"Startseite","item":"https:\/\/papayawhip-lapwing-830539.hostingersite.com\/"},{"@type":"ListItem","position":2,"name":"Protection des donn\u00e9es"}]},{"@type":"WebSite","@id":"https:\/\/papayawhip-lapwing-830539.hostingersite.com\/#website","url":"https:\/\/papayawhip-lapwing-830539.hostingersite.com\/","name":"Gold'Or","description":"La revue professionnelle suisse de la bijouterie et de l'horlogerie","potentialAction":[{"@type":"SearchAction","target":{"@type":"EntryPoint","urlTemplate":"https:\/\/papayawhip-lapwing-830539.hostingersite.com\/?s={search_term_string}"},"query-input":{"@type":"PropertyValueSpecification","valueRequired":true,"valueName":"search_term_string"}}],"inLanguage":"fr-FR"}]}},"_links":{"self":[{"href":"https:\/\/www.goldor.ch\/fr\/wp-json\/wp\/v2\/pages\/701","targetHints":{"allow":["GET"]}}],"collection":[{"href":"https:\/\/www.goldor.ch\/fr\/wp-json\/wp\/v2\/pages"}],"about":[{"href":"https:\/\/www.goldor.ch\/fr\/wp-json\/wp\/v2\/types\/page"}],"author":[{"embeddable":true,"href":"https:\/\/www.goldor.ch\/fr\/wp-json\/wp\/v2\/users\/1"}],"replies":[{"embeddable":true,"href":"https:\/\/www.goldor.ch\/fr\/wp-json\/wp\/v2\/comments?post=701"}],"version-history":[{"count":9,"href":"https:\/\/www.goldor.ch\/fr\/wp-json\/wp\/v2\/pages\/701\/revisions"}],"predecessor-version":[{"id":2808,"href":"https:\/\/www.goldor.ch\/fr\/wp-json\/wp\/v2\/pages\/701\/revisions\/2808"}],"wp:attachment":[{"href":"https:\/\/www.goldor.ch\/fr\/wp-json\/wp\/v2\/media?parent=701"}],"curies":[{"name":"wp","href":"https:\/\/api.w.org\/{rel}","templated":true}]}}