{"id":731,"date":"2016-12-01T14:14:36","date_gmt":"2016-12-01T13:14:36","guid":{"rendered":"http:\/\/www.goldor.ch\/?page_id=731\/"},"modified":"2026-02-24T15:23:19","modified_gmt":"2026-02-24T14:23:19","slug":"a-propos-de-nous","status":"publish","type":"page","link":"https:\/\/www.goldor.ch\/fr\/a-propos-de-nous\/","title":{"rendered":"A propos de nous"},"content":{"rendered":"<p style=\"text-align: left;\">Gold\u2019Or est la publication ind\u00e9pendante de la branche suisse de la bijouterie et de l\u2019horlogerie. La revue professionnelle para\u00eet neuf fois par ann\u00e9e avec un tirage de 2500 exemplaires. Au sein de l\u2019\u00e9quipe de r\u00e9daction de Gold\u2019Or, la directrice de publication, l\u2019assistance d\u2019\u00e9dition ainsi que les deux r\u00e9dacteurs mettent tout en \u0153uvre pour que les lecteurs re\u00e7oivent des informations exhaustives sur l\u2019univers de la bijouterie et de l\u2019horlogerie. Afin de donner une vue d\u2019ensemble aussi riche que vari\u00e9e, le team engag\u00e9 peut faire appel \u00e0 des auteurs qui travaillent en free-lance.<\/p>\n<p style=\"text-align: left;\">\n<p><img decoding=\"async\" class=\"size-medium wp-image-76033 aligncenter\" src=\"https:\/\/www.goldor.ch\/wp-content\/uploads\/2026\/02\/Team-Bild-2-1-e1771942992536-635x510.jpg\" alt=\"\" width=\"635\" height=\"510\" srcset=\"https:\/\/www.goldor.ch\/wp-content\/uploads\/2026\/02\/Team-Bild-2-1-e1771942992536-635x510.jpg 635w, https:\/\/www.goldor.ch\/wp-content\/uploads\/2026\/02\/Team-Bild-2-1-e1771942992536-768x617.jpg 768w, https:\/\/www.goldor.ch\/wp-content\/uploads\/2026\/02\/Team-Bild-2-1-e1771942992536.jpg 772w\" sizes=\"(max-width: 635px) 100vw, 635px\" \/><\/p>\n<p>&nbsp;<\/p>\n<p style=\"text-align: left;\">Dans chaque num\u00e9ro, lectrices et lecteurs trouvent des informations compl\u00e8tes sur la branche et les associations professionnelles avec des portraits d\u2019entreprises et de personnalit\u00e9s, des pr\u00e9sentations de produits et de marques sans oublier les changements, les remises de commerce et les importantes manifestations du secteur. Dans de passionnantes interviews, des professionnels expriment directement leur opinion sur les sujets les plus divers. Les d\u00e9couvertes scientifiques dans le champ de la gemmologie, de l\u2019\u00e9lectronique, de la physique et de la chimie ne sont pas en reste, \u00e0 l\u2019instar des recherches historiques ou des th\u00e8mes \u00e9conomiques. Enfin, la colonne consacr\u00e9e aux \u00e9v\u00e9nements et aux rumeurs qui agitent le secteur rencontre toujours un franc succ\u00e8s.<\/p>\n<p style=\"text-align: left;\">L\u2019\u00e9quipe de Gold\u2019Or se consid\u00e8re aussi comme le porte-parole des bijoutiers et des orf\u00e8vres, des sertisseurs et des graveurs, des horlogers, des n\u00e9gociants en pierres pr\u00e9cieuses et des fournisseurs du secteur. En outre, Gold\u2019Or offre aux associations professionnelles, en particulier \u00e0 l\u2019ASHB, et aux jeunes talents une plateforme pour exposer leurs pr\u00e9occupations et leurs int\u00e9r\u00eats.<\/p>\n<p style=\"text-align: left;\">L&rsquo;\u00e9quipe Gold&rsquo;Or<\/p>\n","protected":false},"excerpt":{"rendered":"<p>Gold\u2019Or est la publication ind\u00e9pendante de la branche suisse de la bijouterie et de l\u2019horlogerie. La revue professionnelle para\u00eet neuf&#8239;.&#8239;.&#8239;.<\/p>\n<a href=\"https:\/\/www.goldor.ch\/fr\/a-propos-de-nous\/\" class=\"article-more\" title=\"mehr\">plus<\/a>","protected":false},"author":1,"featured_media":0,"parent":0,"menu_order":0,"comment_status":"closed","ping_status":"closed","template":"template-text.php","meta":{"_acf_changed":false,"footnotes":""},"class_list":["post-731","page","type-page","status-publish","hentry"],"acf":[],"yoast_head":"<!-- This site is optimized with the Yoast SEO plugin v27.2 - https:\/\/yoast.com\/product\/yoast-seo-wordpress\/ -->\n<title>A propos de nous - Gold&#039;Or<\/title>\n<meta name=\"robots\" content=\"index, follow, max-snippet:-1, max-image-preview:large, max-video-preview:-1\" \/>\n<link rel=\"canonical\" href=\"https:\/\/www.goldor.ch\/fr\/a-propos-de-nous\/\" \/>\n<meta property=\"og:locale\" content=\"fr_FR\" \/>\n<meta property=\"og:type\" content=\"article\" \/>\n<meta property=\"og:title\" content=\"A propos de nous - Gold&#039;Or\" \/>\n<meta property=\"og:description\" content=\"Gold\u2019Or est la publication ind\u00e9pendante de la branche suisse de la bijouterie et de l\u2019horlogerie. La revue professionnelle para\u00eet neuf&#8239;.&#8239;.&#8239;.\" \/>\n<meta property=\"og:url\" content=\"https:\/\/www.goldor.ch\/fr\/a-propos-de-nous\/\" \/>\n<meta property=\"og:site_name\" content=\"Gold&#039;Or\" \/>\n<meta property=\"article:publisher\" content=\"https:\/\/www.facebook.com\/goldormagazin\/\" \/>\n<meta property=\"article:modified_time\" content=\"2026-02-24T14:23:19+00:00\" \/>\n<meta property=\"og:image\" content=\"https:\/\/www.goldor.ch\/wp-content\/uploads\/2026\/02\/Team-Bild-2-1-e1771942992536.jpg\" \/>\n\t<meta property=\"og:image:width\" content=\"772\" \/>\n\t<meta property=\"og:image:height\" content=\"620\" \/>\n\t<meta property=\"og:image:type\" content=\"image\/jpeg\" \/>\n<meta name=\"twitter:card\" content=\"summary_large_image\" \/>\n<meta name=\"twitter:site\" content=\"@Goldormagazin\" \/>\n<meta name=\"twitter:label1\" content=\"Dur\u00e9e de lecture estim\u00e9e\" \/>\n\t<meta name=\"twitter:data1\" content=\"2 minutes\" \/>\n<script type=\"application\/ld+json\" class=\"yoast-schema-graph\">{\"@context\":\"https:\/\/schema.org\",\"@graph\":[{\"@type\":\"WebPage\",\"@id\":\"https:\/\/www.goldor.ch\/fr\/a-propos-de-nous\/\",\"url\":\"https:\/\/www.goldor.ch\/fr\/a-propos-de-nous\/\",\"name\":\"A propos de nous - Gold'Or\",\"isPartOf\":{\"@id\":\"https:\/\/papayawhip-lapwing-830539.hostingersite.com\/#website\"},\"primaryImageOfPage\":{\"@id\":\"https:\/\/www.goldor.ch\/fr\/a-propos-de-nous\/#primaryimage\"},\"image\":{\"@id\":\"https:\/\/www.goldor.ch\/fr\/a-propos-de-nous\/#primaryimage\"},\"thumbnailUrl\":\"https:\/\/www.goldor.ch\/wp-content\/uploads\/2026\/02\/Team-Bild-2-1-e1771942992536-635x510.jpg\",\"datePublished\":\"2016-12-01T13:14:36+00:00\",\"dateModified\":\"2026-02-24T14:23:19+00:00\",\"breadcrumb\":{\"@id\":\"https:\/\/www.goldor.ch\/fr\/a-propos-de-nous\/#breadcrumb\"},\"inLanguage\":\"fr-FR\",\"potentialAction\":[{\"@type\":\"ReadAction\",\"target\":[\"https:\/\/www.goldor.ch\/fr\/a-propos-de-nous\/\"]}]},{\"@type\":\"ImageObject\",\"inLanguage\":\"fr-FR\",\"@id\":\"https:\/\/www.goldor.ch\/fr\/a-propos-de-nous\/#primaryimage\",\"url\":\"https:\/\/www.goldor.ch\/wp-content\/uploads\/2026\/02\/Team-Bild-2-1-e1771942992536-635x510.jpg\",\"contentUrl\":\"https:\/\/www.goldor.ch\/wp-content\/uploads\/2026\/02\/Team-Bild-2-1-e1771942992536-635x510.jpg\"},{\"@type\":\"BreadcrumbList\",\"@id\":\"https:\/\/www.goldor.ch\/fr\/a-propos-de-nous\/#breadcrumb\",\"itemListElement\":[{\"@type\":\"ListItem\",\"position\":1,\"name\":\"Startseite\",\"item\":\"https:\/\/papayawhip-lapwing-830539.hostingersite.com\/\"},{\"@type\":\"ListItem\",\"position\":2,\"name\":\"A propos de nous\"}]},{\"@type\":\"WebSite\",\"@id\":\"https:\/\/papayawhip-lapwing-830539.hostingersite.com\/#website\",\"url\":\"https:\/\/papayawhip-lapwing-830539.hostingersite.com\/\",\"name\":\"Gold'Or\",\"description\":\"La revue professionnelle suisse de la bijouterie et de l'horlogerie\",\"potentialAction\":[{\"@type\":\"SearchAction\",\"target\":{\"@type\":\"EntryPoint\",\"urlTemplate\":\"https:\/\/papayawhip-lapwing-830539.hostingersite.com\/?s={search_term_string}\"},\"query-input\":{\"@type\":\"PropertyValueSpecification\",\"valueRequired\":true,\"valueName\":\"search_term_string\"}}],\"inLanguage\":\"fr-FR\"}]}<\/script>\n<!-- \/ Yoast SEO plugin. -->","yoast_head_json":{"title":"A propos de nous - Gold'Or","robots":{"index":"index","follow":"follow","max-snippet":"max-snippet:-1","max-image-preview":"max-image-preview:large","max-video-preview":"max-video-preview:-1"},"canonical":"https:\/\/www.goldor.ch\/fr\/a-propos-de-nous\/","og_locale":"fr_FR","og_type":"article","og_title":"A propos de nous - Gold'Or","og_description":"Gold\u2019Or est la publication ind\u00e9pendante de la branche suisse de la bijouterie et de l\u2019horlogerie. La revue professionnelle para\u00eet neuf&#8239;.&#8239;.&#8239;.","og_url":"https:\/\/www.goldor.ch\/fr\/a-propos-de-nous\/","og_site_name":"Gold'Or","article_publisher":"https:\/\/www.facebook.com\/goldormagazin\/","article_modified_time":"2026-02-24T14:23:19+00:00","og_image":[{"width":772,"height":620,"url":"https:\/\/www.goldor.ch\/wp-content\/uploads\/2026\/02\/Team-Bild-2-1-e1771942992536.jpg","type":"image\/jpeg"}],"twitter_card":"summary_large_image","twitter_site":"@Goldormagazin","twitter_misc":{"Dur\u00e9e de lecture estim\u00e9e":"2 minutes"},"schema":{"@context":"https:\/\/schema.org","@graph":[{"@type":"WebPage","@id":"https:\/\/www.goldor.ch\/fr\/a-propos-de-nous\/","url":"https:\/\/www.goldor.ch\/fr\/a-propos-de-nous\/","name":"A propos de nous - Gold'Or","isPartOf":{"@id":"https:\/\/papayawhip-lapwing-830539.hostingersite.com\/#website"},"primaryImageOfPage":{"@id":"https:\/\/www.goldor.ch\/fr\/a-propos-de-nous\/#primaryimage"},"image":{"@id":"https:\/\/www.goldor.ch\/fr\/a-propos-de-nous\/#primaryimage"},"thumbnailUrl":"https:\/\/www.goldor.ch\/wp-content\/uploads\/2026\/02\/Team-Bild-2-1-e1771942992536-635x510.jpg","datePublished":"2016-12-01T13:14:36+00:00","dateModified":"2026-02-24T14:23:19+00:00","breadcrumb":{"@id":"https:\/\/www.goldor.ch\/fr\/a-propos-de-nous\/#breadcrumb"},"inLanguage":"fr-FR","potentialAction":[{"@type":"ReadAction","target":["https:\/\/www.goldor.ch\/fr\/a-propos-de-nous\/"]}]},{"@type":"ImageObject","inLanguage":"fr-FR","@id":"https:\/\/www.goldor.ch\/fr\/a-propos-de-nous\/#primaryimage","url":"https:\/\/www.goldor.ch\/wp-content\/uploads\/2026\/02\/Team-Bild-2-1-e1771942992536-635x510.jpg","contentUrl":"https:\/\/www.goldor.ch\/wp-content\/uploads\/2026\/02\/Team-Bild-2-1-e1771942992536-635x510.jpg"},{"@type":"BreadcrumbList","@id":"https:\/\/www.goldor.ch\/fr\/a-propos-de-nous\/#breadcrumb","itemListElement":[{"@type":"ListItem","position":1,"name":"Startseite","item":"https:\/\/papayawhip-lapwing-830539.hostingersite.com\/"},{"@type":"ListItem","position":2,"name":"A propos de nous"}]},{"@type":"WebSite","@id":"https:\/\/papayawhip-lapwing-830539.hostingersite.com\/#website","url":"https:\/\/papayawhip-lapwing-830539.hostingersite.com\/","name":"Gold'Or","description":"La revue professionnelle suisse de la bijouterie et de l'horlogerie","potentialAction":[{"@type":"SearchAction","target":{"@type":"EntryPoint","urlTemplate":"https:\/\/papayawhip-lapwing-830539.hostingersite.com\/?s={search_term_string}"},"query-input":{"@type":"PropertyValueSpecification","valueRequired":true,"valueName":"search_term_string"}}],"inLanguage":"fr-FR"}]}},"_links":{"self":[{"href":"https:\/\/www.goldor.ch\/fr\/wp-json\/wp\/v2\/pages\/731","targetHints":{"allow":["GET"]}}],"collection":[{"href":"https:\/\/www.goldor.ch\/fr\/wp-json\/wp\/v2\/pages"}],"about":[{"href":"https:\/\/www.goldor.ch\/fr\/wp-json\/wp\/v2\/types\/page"}],"author":[{"embeddable":true,"href":"https:\/\/www.goldor.ch\/fr\/wp-json\/wp\/v2\/users\/1"}],"replies":[{"embeddable":true,"href":"https:\/\/www.goldor.ch\/fr\/wp-json\/wp\/v2\/comments?post=731"}],"version-history":[{"count":9,"href":"https:\/\/www.goldor.ch\/fr\/wp-json\/wp\/v2\/pages\/731\/revisions"}],"predecessor-version":[{"id":76034,"href":"https:\/\/www.goldor.ch\/fr\/wp-json\/wp\/v2\/pages\/731\/revisions\/76034"}],"wp:attachment":[{"href":"https:\/\/www.goldor.ch\/fr\/wp-json\/wp\/v2\/media?parent=731"}],"curies":[{"name":"wp","href":"https:\/\/api.w.org\/{rel}","templated":true}]}}